{"id":1072,"date":"2015-09-14T15:27:44","date_gmt":"2015-09-14T14:27:44","guid":{"rendered":"https:\/\/ecole-stjoseph-pontchateau.fr\/?page_id=1072"},"modified":"2024-08-22T21:30:02","modified_gmt":"2024-08-22T19:30:02","slug":"mot-de-rentree-2015","status":"publish","type":"page","link":"https:\/\/ecole-stjoseph-pontchateau.fr\/?page_id=1072","title":{"rendered":"Inscriptions"},"content":{"rendered":"\t\t<div data-elementor-type=\"wp-page\" data-elementor-id=\"1072\" class=\"elementor elementor-1072\">\n\t\t\t\t\t\t\t\t\t<section class=\"elementor-section elementor-top-section elementor-element elementor-element-57f5835d elementor-section-boxed elementor-section-height-default elementor-section-height-default\" data-id=\"57f5835d\" data-element_type=\"section\">\n\t\t\t\t\t\t<div class=\"elementor-container elementor-column-gap-default\">\n\t\t\t\t\t<div class=\"elementor-column elementor-col-100 elementor-top-column elementor-element elementor-element-73a6d781\" data-id=\"73a6d781\" data-element_type=\"column\">\n\t\t\t<div class=\"elementor-widget-wrap elementor-element-populated\">\n\t\t\t\t\t\t\t\t<div class=\"elementor-element elementor-element-53a27700 elementor-widget elementor-widget-text-editor\" data-id=\"53a27700\" data-element_type=\"widget\" data-widget_type=\"text-editor.default\">\n\t\t\t\t<div class=\"elementor-widget-container\">\n\t\t\t<style>\/*! elementor - v3.18.0 - 20-12-2023 *\/\n.elementor-widget-text-editor.elementor-drop-cap-view-stacked .elementor-drop-cap{background-color:#69727d;color:#fff}.elementor-widget-text-editor.elementor-drop-cap-view-framed .elementor-drop-cap{color:#69727d;border:3px solid;background-color:transparent}.elementor-widget-text-editor:not(.elementor-drop-cap-view-default) .elementor-drop-cap{margin-top:8px}.elementor-widget-text-editor:not(.elementor-drop-cap-view-default) .elementor-drop-cap-letter{width:1em;height:1em}.elementor-widget-text-editor .elementor-drop-cap{float:left;text-align:center;line-height:1;font-size:50px}.elementor-widget-text-editor .elementor-drop-cap-letter{display:inline-block}<\/style>\t\t\t\t<h3 style=\"text-align: center;\"><span style=\"color: #3366ff;\">Modalit\u00e9s de pr\u00e9-inscription<\/span><\/h3><p>\u00a0<\/p><div style=\"text-align: center;\"><a href=\"https:\/\/ecole-stjoseph-pontchateau.fr\/wp-content\/uploads\/2024\/08\/inscription-2.png\"><img fetchpriority=\"high\" decoding=\"async\" class=\"alignnone size-medium wp-image-13429\" src=\"https:\/\/ecole-stjoseph-pontchateau.fr\/wp-content\/uploads\/2024\/08\/inscription-2-300x202.png\" alt=\"\" width=\"300\" height=\"202\" srcset=\"https:\/\/ecole-stjoseph-pontchateau.fr\/wp-content\/uploads\/2024\/08\/inscription-2-300x202.png 300w, https:\/\/ecole-stjoseph-pontchateau.fr\/wp-content\/uploads\/2024\/08\/inscription-2-1024x688.png 1024w, https:\/\/ecole-stjoseph-pontchateau.fr\/wp-content\/uploads\/2024\/08\/inscription-2-768x516.png 768w, https:\/\/ecole-stjoseph-pontchateau.fr\/wp-content\/uploads\/2024\/08\/inscription-2-272x182.png 272w, https:\/\/ecole-stjoseph-pontchateau.fr\/wp-content\/uploads\/2024\/08\/inscription-2.png 1280w\" sizes=\"(max-width: 300px) 100vw, 300px\" \/><\/a><\/div><div>\u00a0<\/div><p>\u00a0<\/p><p>Si vous d\u00e9sirez prendre des renseignements et\/ou \u00eatre recontact\u00e9 par l\u2019\u00e9cole en vue d\u2019une pr\u00e9-inscription, merci de cliquer sur le lien suivant.<\/p><p><a href=\"https:\/\/www.monecoleprivee.fr\/index.php\/welcome\/inscription\/0441221N\">https:\/\/www.monecoleprivee.fr\/index.php\/welcome\/inscription\/0441221N<\/a><\/p><p>Nous vous recontacterons le plus rapidement possible.<\/p><p>\u00a0<\/p><p>Vous pouvez aussi prendre rendez-vous en contactant l\u2019\u00e9cole au 02.40.01.63.26.<\/p><p>\u00a0<\/p><p>Lors de la pr\u00e9-inscription, il vous sera demand\u00e9 le livret de famille et le carnet de sant\u00e9 de votre enfant.<\/p><p>\u00a0<\/p><p>Au plaisir de vous rencontrer\u2026<\/p>\t\t\t\t\t\t<\/div>\n\t\t\t\t<\/div>\n\t\t\t\t\t<\/div>\n\t\t<\/div>\n\t\t\t\t\t\t\t<\/div>\n\t\t<\/section>\n\t\t\t\t\t\t\t<\/div>\n\t\t","protected":false},"excerpt":{"rendered":"<p>Modalit\u00e9s de pr\u00e9-inscription \u00a0 \u00a0 \u00a0 Si vous d\u00e9sirez prendre des renseignements et\/ou \u00eatre recontact\u00e9 par l\u2019\u00e9cole en vue d\u2019une pr\u00e9-inscription, merci de cliquer sur le lien suivant. https:\/\/www.monecoleprivee.fr\/index.php\/welcome\/inscription\/0441221N Nous vous recontacterons le plus rapidement possible. \u00a0 Vous pouvez aussi prendre rendez-vous en contactant l\u2019\u00e9cole au 02.40.01.63.26. \u00a0 Lors de la pr\u00e9-inscription, il vous sera<\/p>\n<p><a href=\"https:\/\/ecole-stjoseph-pontchateau.fr\/?page_id=1072\" class=\"more-link themebutton\">Lire la suite<\/a><\/p>\n","protected":false},"author":26,"featured_media":0,"parent":0,"menu_order":0,"comment_status":"closed","ping_status":"closed","template":"","meta":{"ngg_post_thumbnail":0,"footnotes":""},"_links":{"self":[{"href":"https:\/\/ecole-stjoseph-pontchateau.fr\/index.php?rest_route=\/wp\/v2\/pages\/1072"}],"collection":[{"href":"https:\/\/ecole-stjoseph-pontchateau.fr\/index.php?rest_route=\/wp\/v2\/pages"}],"about":[{"href":"https:\/\/ecole-stjoseph-pontchateau.fr\/index.php?rest_route=\/wp\/v2\/types\/page"}],"author":[{"embeddable":true,"href":"https:\/\/ecole-stjoseph-pontchateau.fr\/index.php?rest_route=\/wp\/v2\/users\/26"}],"replies":[{"embeddable":true,"href":"https:\/\/ecole-stjoseph-pontchateau.fr\/index.php?rest_route=%2Fwp%2Fv2%2Fcomments&post=1072"}],"version-history":[{"count":18,"href":"https:\/\/ecole-stjoseph-pontchateau.fr\/index.php?rest_route=\/wp\/v2\/pages\/1072\/revisions"}],"predecessor-version":[{"id":13432,"href":"https:\/\/ecole-stjoseph-pontchateau.fr\/index.php?rest_route=\/wp\/v2\/pages\/1072\/revisions\/13432"}],"wp:attachment":[{"href":"https:\/\/ecole-stjoseph-pontchateau.fr\/index.php?rest_route=%2Fwp%2Fv2%2Fmedia&parent=1072"}],"curies":[{"name":"wp","href":"https:\/\/api.w.org\/{rel}","templated":true}]}}