{"id":11342,"date":"2023-01-31T13:06:25","date_gmt":"2023-01-31T12:06:25","guid":{"rendered":"https:\/\/ecole-stjoseph-pontchateau.fr\/?page_id=11342"},"modified":"2024-02-13T11:45:38","modified_gmt":"2024-02-13T10:45:38","slug":"apel-5","status":"publish","type":"page","link":"https:\/\/ecole-stjoseph-pontchateau.fr\/?page_id=11342","title":{"rendered":"APEL"},"content":{"rendered":"\t\t<div data-elementor-type=\"wp-page\" data-elementor-id=\"11342\" class=\"elementor elementor-11342\">\n\t\t\t\t\t\t\t\t\t<section class=\"elementor-section elementor-top-section elementor-element elementor-element-713ea4a2 elementor-section-boxed elementor-section-height-default elementor-section-height-default\" data-id=\"713ea4a2\" data-element_type=\"section\">\n\t\t\t\t\t\t<div class=\"elementor-container elementor-column-gap-default\">\n\t\t\t\t\t<div class=\"elementor-column elementor-col-100 elementor-top-column elementor-element elementor-element-ccb3c0d\" data-id=\"ccb3c0d\" data-element_type=\"column\">\n\t\t\t<div class=\"elementor-widget-wrap elementor-element-populated\">\n\t\t\t\t\t\t\t\t<div class=\"elementor-element elementor-element-8e6a09f elementor-widget elementor-widget-text-editor\" data-id=\"8e6a09f\" data-element_type=\"widget\" data-widget_type=\"text-editor.default\">\n\t\t\t\t<div class=\"elementor-widget-container\">\n\t\t\t<style>\/*! elementor - v3.18.0 - 20-12-2023 *\/\n.elementor-widget-text-editor.elementor-drop-cap-view-stacked .elementor-drop-cap{background-color:#69727d;color:#fff}.elementor-widget-text-editor.elementor-drop-cap-view-framed .elementor-drop-cap{color:#69727d;border:3px solid;background-color:transparent}.elementor-widget-text-editor:not(.elementor-drop-cap-view-default) .elementor-drop-cap{margin-top:8px}.elementor-widget-text-editor:not(.elementor-drop-cap-view-default) .elementor-drop-cap-letter{width:1em;height:1em}.elementor-widget-text-editor .elementor-drop-cap{float:left;text-align:center;line-height:1;font-size:50px}.elementor-widget-text-editor .elementor-drop-cap-letter{display:inline-block}<\/style>\t\t\t\t<h3 style=\"text-align: center;\"><span style=\"color: #3366ff;\">L\u2019\u00e9cole Saint-Joseph, des associations au service de l\u2019\u00e9cole<\/span><\/h3><h3 style=\"text-align: center;\"><span style=\"color: #3366ff;\">L\u2019Association de Parents d\u2019\u00e9l\u00e8ves de l\u2019Enseignement Libre \u2013 APEL<\/span><\/h3><p>L\u2019APEL participe \u00e0 la vie de l\u2019\u00e9cole par des actions et des \u00e9changes entre les parents d\u2019\u00e9l\u00e8ves et la communaut\u00e9 \u00e9ducative. L\u2019APEL favorise\u00a0:<\/p><ul><li>La liaison privil\u00e9gi\u00e9e avec les familles, le soutien aux projets p\u00e9dagogiques,<\/li><li>L\u2019accueil des nouvelles familles \u00e0 la rentr\u00e9e,<\/li><li>L\u2019animation de temps forts,<\/li><li>Des actions vari\u00e9es pendant l\u2019ann\u00e9es scolaire,<\/li><li>L\u2019aide financi\u00e8re\u00a0: projets men\u00e9s par les enseignants, financement de cours d\u2019anglais, participation aux sorties scolaires, ressources pour la cat\u00e9ch\u00e8se ou la culture chr\u00e9tienne\u2026<\/li><li>L\u2019information aupr\u00e8s des familles (Comment l\u2019apel-t-on\u00a0?).<\/li><\/ul><p><u>Au sein de l\u2019\u00e9cole<\/u>\u00a0:<\/p><p>L\u2019APEL, c\u2019est avant tout une \u00e9quipe de parents b\u00e9n\u00e9voles qui met \u00e0 disposition de l\u2019\u00e9cole leurs comp\u00e9tences, leurs talents, leur enthousiasme, et leur disponibilit\u00e9.<\/p><p><u>Nos exemples d\u2019actions<\/u> :<\/p><p>\u2013 Pot de rentr\u00e9e,<\/p><p>\u2013 Vide grenier,<\/p><p>\u2013 Lotos,<\/p><p>\u2013 Vente de g\u00e2teaux \u00ab Bijou \u00bb,<\/p><p>\u2013 Vente de chocolats (No\u00ebl \/ P\u00e2ques) \u2026<\/p><p><strong><em>Qui peut \u00eatre membre de l\u2019APEL :<\/em><\/strong><\/p><p>Tout parent d\u2019\u00e9l\u00e8ves de l\u2019\u00e9cole peut faire partie de l\u2019APEL. Il faut juste r\u00e9gler la cotisation locale de 7,00 euros.<\/p><p>Un bureau est \u00e9lu chaque ann\u00e9e \u00e0 l\u2019issue de l\u2019assembl\u00e9e g\u00e9n\u00e9rale. Lors de cette derni\u00e8re, il est pr\u00e9sent\u00e9 \u00e0 toutes les familles les comptes et les actions qui ont pu \u00eatre mises en place lors de l\u2019ann\u00e9e scolaire pr\u00e9c\u00e9dente.<\/p><p style=\"text-align: center;\">Nous avons toujours besoin de bonnes volont\u00e9s\u00a0! Alors n\u2019h\u00e9sitez pas \u00e0 venir nous rejoindre pour un coup de main ponctuel ou pour un investissement plus r\u00e9gulier.<\/p><p style=\"text-align: center;\">L\u2019\u00e9cole catholique ne peut vivre que gr\u00e2ce aux associations de parents. S\u2019investir c\u2019est permettre \u00e0 l\u2019\u00e9cole de ses enfants de progresser et cela peut \u00eatre un moyen de passer de bons moments au sein de l&rsquo;\u00e9cole.<\/p><p style=\"text-align: center;\">Nous vous accueillerons donc avec grand plaisir !<\/p><p style=\"text-align: center;\"><a href=\"https:\/\/ecole-stjoseph-pontchateau.fr\/wp-content\/uploads\/2024\/02\/TROMBINOSCOPE-2023-Site-Ecole.pdf\">TROMBINOSCOPE 2023 Site Ecole<\/a><\/p>\t\t\t\t\t\t<\/div>\n\t\t\t\t<\/div>\n\t\t\t\t\t<\/div>\n\t\t<\/div>\n\t\t\t\t\t\t\t<\/div>\n\t\t<\/section>\n\t\t\t\t\t\t\t<\/div>\n\t\t","protected":false},"excerpt":{"rendered":"<p>L\u2019\u00e9cole Saint-Joseph, des associations au service de l\u2019\u00e9cole L\u2019Association de Parents d\u2019\u00e9l\u00e8ves de l\u2019Enseignement Libre \u2013 APEL L\u2019APEL participe \u00e0 la vie de l\u2019\u00e9cole par des actions et des \u00e9changes entre les parents d\u2019\u00e9l\u00e8ves et la communaut\u00e9 \u00e9ducative. L\u2019APEL favorise\u00a0: La liaison privil\u00e9gi\u00e9e avec les familles, le soutien aux projets p\u00e9dagogiques, L\u2019accueil des nouvelles familles<\/p>\n<p><a href=\"https:\/\/ecole-stjoseph-pontchateau.fr\/?page_id=11342\" class=\"more-link themebutton\">Lire la suite<\/a><\/p>\n","protected":false},"author":26,"featured_media":0,"parent":0,"menu_order":0,"comment_status":"closed","ping_status":"closed","template":"","meta":{"ngg_post_thumbnail":0,"footnotes":""},"_links":{"self":[{"href":"https:\/\/ecole-stjoseph-pontchateau.fr\/index.php?rest_route=\/wp\/v2\/pages\/11342"}],"collection":[{"href":"https:\/\/ecole-stjoseph-pontchateau.fr\/index.php?rest_route=\/wp\/v2\/pages"}],"about":[{"href":"https:\/\/ecole-stjoseph-pontchateau.fr\/index.php?rest_route=\/wp\/v2\/types\/page"}],"author":[{"embeddable":true,"href":"https:\/\/ecole-stjoseph-pontchateau.fr\/index.php?rest_route=\/wp\/v2\/users\/26"}],"replies":[{"embeddable":true,"href":"https:\/\/ecole-stjoseph-pontchateau.fr\/index.php?rest_route=%2Fwp%2Fv2%2Fcomments&post=11342"}],"version-history":[{"count":21,"href":"https:\/\/ecole-stjoseph-pontchateau.fr\/index.php?rest_route=\/wp\/v2\/pages\/11342\/revisions"}],"predecessor-version":[{"id":12537,"href":"https:\/\/ecole-stjoseph-pontchateau.fr\/index.php?rest_route=\/wp\/v2\/pages\/11342\/revisions\/12537"}],"wp:attachment":[{"href":"https:\/\/ecole-stjoseph-pontchateau.fr\/index.php?rest_route=%2Fwp%2Fv2%2Fmedia&parent=11342"}],"curies":[{"name":"wp","href":"https:\/\/api.w.org\/{rel}","templated":true}]}}