{"id":11405,"date":"2023-02-01T13:54:00","date_gmt":"2023-02-01T12:54:00","guid":{"rendered":"https:\/\/ecole-stjoseph-pontchateau.fr\/?page_id=11405"},"modified":"2023-02-01T17:49:21","modified_gmt":"2023-02-01T16:49:21","slug":"ogec-2","status":"publish","type":"page","link":"https:\/\/ecole-stjoseph-pontchateau.fr\/?page_id=11405","title":{"rendered":"OGEC"},"content":{"rendered":"\t\t<div data-elementor-type=\"wp-page\" data-elementor-id=\"11405\" class=\"elementor elementor-11405\">\n\t\t\t\t\t\t\t\t\t<section class=\"elementor-section elementor-top-section elementor-element elementor-element-39ba8c44 elementor-section-boxed elementor-section-height-default elementor-section-height-default\" data-id=\"39ba8c44\" data-element_type=\"section\">\n\t\t\t\t\t\t<div class=\"elementor-container elementor-column-gap-default\">\n\t\t\t\t\t<div class=\"elementor-column elementor-col-100 elementor-top-column elementor-element elementor-element-1a6bea86\" data-id=\"1a6bea86\" data-element_type=\"column\">\n\t\t\t<div class=\"elementor-widget-wrap elementor-element-populated\">\n\t\t\t\t\t\t\t\t<div class=\"elementor-element elementor-element-d0ed909 elementor-widget elementor-widget-text-editor\" data-id=\"d0ed909\" data-element_type=\"widget\" data-widget_type=\"text-editor.default\">\n\t\t\t\t<div class=\"elementor-widget-container\">\n\t\t\t<style>\/*! elementor - v3.18.0 - 20-12-2023 *\/\n.elementor-widget-text-editor.elementor-drop-cap-view-stacked .elementor-drop-cap{background-color:#69727d;color:#fff}.elementor-widget-text-editor.elementor-drop-cap-view-framed .elementor-drop-cap{color:#69727d;border:3px solid;background-color:transparent}.elementor-widget-text-editor:not(.elementor-drop-cap-view-default) .elementor-drop-cap{margin-top:8px}.elementor-widget-text-editor:not(.elementor-drop-cap-view-default) .elementor-drop-cap-letter{width:1em;height:1em}.elementor-widget-text-editor .elementor-drop-cap{float:left;text-align:center;line-height:1;font-size:50px}.elementor-widget-text-editor .elementor-drop-cap-letter{display:inline-block}<\/style>\t\t\t\t<h3 style=\"text-align: center;\"><span style=\"color: #3366ff;\">L\u2019\u00e9cole Saint-Joseph, des associations au service de l\u2019\u00e9cole<\/span><\/h3><h3 style=\"text-align: center;\"><span style=\"color: #3366ff;\">L\u2019Organisme de Gestion de l\u2019Enseignement Catholique \u2013 OGEC<\/span><\/h3><p>\u00a0<\/p><p>Chaque \u00e9tablissement est g\u00e9r\u00e9 par l\u2019OGEC regroupant des parents d\u2019\u00e9l\u00e8ves et des volontaires b\u00e9n\u00e9voles. L\u2019OGEC, avec le chef d\u2019\u00e9tablissement, assure :<br \/>\u2022 La gestion financi\u00e8re de l\u2019\u00e9tablissement,<br \/>\u2022 L\u2019entretien des b\u00e2timents,<br \/>\u2022 Les investissements mobiliers (mat\u00e9riel dans les classes, \u00e9quipement des locaux\u2026)<br \/>\u2022 Les investissements immobiliers (cour, r\u00e9novation, construction\u2026)<\/p><p>L\u2018OGEC, employeur, est signataire avec le chef d\u2019\u00e9tablissement des contrats de travail des personnes de droit priv\u00e9 (ASEM, secr\u00e9taire comptable, personnels de service\u2026)<\/p><p>Au sein de l\u2019\u00e9cole :<br \/>Des parents b\u00e9n\u00e9voles, des enseignants et du personnel OGEC s\u2019investissent dans plusieurs commissions qui participent activement au bien vivre \u00e0 l\u2019\u00e9cole Saint-Joseph.<br \/>&#8211; la commission kermesse,<br \/>&#8211; la commission finance,<br \/>&#8211; la commission cantine,<br \/>&#8211; la commission travaux,<br \/>&#8211; la commission marketing\u2026<\/p><p style=\"text-align: center;\">Nous avons toujours besoin de bonnes volont\u00e9s ! Alors n\u2019h\u00e9sitez pas \u00e0 venir nous rejoindre pour un coup de main ponctuel ou pour un investissement plus r\u00e9gulier.<\/p><p style=\"text-align: center;\">L\u2019\u00e9cole catholique ne peut vivre que gr\u00e2ce aux associations de parents. S\u2019investir c\u2019est permettre \u00e0 l\u2019\u00e9cole de ses enfants de progresser et cela peut \u00eatre un moyen de passer de bons moments au sein de l\u2019\u00e9cole.<\/p><p style=\"text-align: center;\">Nous vous accueillerons donc avec grand plaisir !<\/p>\t\t\t\t\t\t<\/div>\n\t\t\t\t<\/div>\n\t\t\t\t\t<\/div>\n\t\t<\/div>\n\t\t\t\t\t\t\t<\/div>\n\t\t<\/section>\n\t\t\t\t\t\t\t<\/div>\n\t\t","protected":false},"excerpt":{"rendered":"<p>L\u2019\u00e9cole Saint-Joseph, des associations au service de l\u2019\u00e9cole L\u2019Organisme de Gestion de l\u2019Enseignement Catholique \u2013 OGEC \u00a0 Chaque \u00e9tablissement est g\u00e9r\u00e9 par l\u2019OGEC regroupant des parents d\u2019\u00e9l\u00e8ves et des volontaires b\u00e9n\u00e9voles. L\u2019OGEC, avec le chef d\u2019\u00e9tablissement, assure :\u2022 La gestion financi\u00e8re de l\u2019\u00e9tablissement,\u2022 L\u2019entretien des b\u00e2timents,\u2022 Les investissements mobiliers (mat\u00e9riel dans les classes, \u00e9quipement des<\/p>\n<p><a href=\"https:\/\/ecole-stjoseph-pontchateau.fr\/?page_id=11405\" class=\"more-link themebutton\">Lire la suite<\/a><\/p>\n","protected":false},"author":26,"featured_media":0,"parent":0,"menu_order":0,"comment_status":"closed","ping_status":"closed","template":"","meta":{"ngg_post_thumbnail":0,"footnotes":""},"_links":{"self":[{"href":"https:\/\/ecole-stjoseph-pontchateau.fr\/index.php?rest_route=\/wp\/v2\/pages\/11405"}],"collection":[{"href":"https:\/\/ecole-stjoseph-pontchateau.fr\/index.php?rest_route=\/wp\/v2\/pages"}],"about":[{"href":"https:\/\/ecole-stjoseph-pontchateau.fr\/index.php?rest_route=\/wp\/v2\/types\/page"}],"author":[{"embeddable":true,"href":"https:\/\/ecole-stjoseph-pontchateau.fr\/index.php?rest_route=\/wp\/v2\/users\/26"}],"replies":[{"embeddable":true,"href":"https:\/\/ecole-stjoseph-pontchateau.fr\/index.php?rest_route=%2Fwp%2Fv2%2Fcomments&post=11405"}],"version-history":[{"count":16,"href":"https:\/\/ecole-stjoseph-pontchateau.fr\/index.php?rest_route=\/wp\/v2\/pages\/11405\/revisions"}],"predecessor-version":[{"id":11437,"href":"https:\/\/ecole-stjoseph-pontchateau.fr\/index.php?rest_route=\/wp\/v2\/pages\/11405\/revisions\/11437"}],"wp:attachment":[{"href":"https:\/\/ecole-stjoseph-pontchateau.fr\/index.php?rest_route=%2Fwp%2Fv2%2Fmedia&parent=11405"}],"curies":[{"name":"wp","href":"https:\/\/api.w.org\/{rel}","templated":true}]}}