{"id":11410,"date":"2023-02-01T13:57:36","date_gmt":"2023-02-01T12:57:36","guid":{"rendered":"https:\/\/ecole-stjoseph-pontchateau.fr\/?page_id=11410"},"modified":"2023-02-01T17:46:48","modified_gmt":"2023-02-01T16:46:48","slug":"pastorale-2","status":"publish","type":"page","link":"https:\/\/ecole-stjoseph-pontchateau.fr\/?page_id=11410","title":{"rendered":"Pastorale"},"content":{"rendered":"\t\t<div data-elementor-type=\"wp-page\" data-elementor-id=\"11410\" class=\"elementor elementor-11410\">\n\t\t\t\t\t\t\t\t\t<section class=\"elementor-section elementor-top-section elementor-element elementor-element-551e61e4 elementor-section-boxed elementor-section-height-default elementor-section-height-default\" data-id=\"551e61e4\" data-element_type=\"section\">\n\t\t\t\t\t\t<div class=\"elementor-container elementor-column-gap-default\">\n\t\t\t\t\t<div class=\"elementor-column elementor-col-100 elementor-top-column elementor-element elementor-element-55d78716\" data-id=\"55d78716\" data-element_type=\"column\">\n\t\t\t<div class=\"elementor-widget-wrap elementor-element-populated\">\n\t\t\t\t\t\t\t\t<div class=\"elementor-element elementor-element-3d32ccd7 elementor-widget elementor-widget-text-editor\" data-id=\"3d32ccd7\" data-element_type=\"widget\" data-widget_type=\"text-editor.default\">\n\t\t\t\t<div class=\"elementor-widget-container\">\n\t\t\t<style>\/*! elementor - v3.18.0 - 20-12-2023 *\/\n.elementor-widget-text-editor.elementor-drop-cap-view-stacked .elementor-drop-cap{background-color:#69727d;color:#fff}.elementor-widget-text-editor.elementor-drop-cap-view-framed .elementor-drop-cap{color:#69727d;border:3px solid;background-color:transparent}.elementor-widget-text-editor:not(.elementor-drop-cap-view-default) .elementor-drop-cap{margin-top:8px}.elementor-widget-text-editor:not(.elementor-drop-cap-view-default) .elementor-drop-cap-letter{width:1em;height:1em}.elementor-widget-text-editor .elementor-drop-cap{float:left;text-align:center;line-height:1;font-size:50px}.elementor-widget-text-editor .elementor-drop-cap-letter{display:inline-block}<\/style>\t\t\t\t<h3 style=\"text-align: center;\"><span style=\"color: #3366ff;\">PR\u00c9SENTATION<\/span><\/h3><h3 style=\"text-align: center;\"><span style=\"color: #3366ff;\">Cat\u00e9ch\u00e8se ou culture chr\u00e9tienne<\/span><\/h3><h3 style=\"text-align: center;\"><span style=\"color: #3366ff;\">Deux propositions pour votre enfant en <u>CE1<\/u>, <u>CE2<\/u>, <u>CM1<\/u> et <u>CM2<\/u><\/span><\/h3><p>\u00a0<\/p><p>L\u2019\u00e9cole offre un temps de cat\u00e9ch\u00e8se ou un temps de culture chr\u00e9tienne une fois par semaine. Cette proposition s\u2019inscrit dans le projet \u00e9ducatif des \u00e9coles catholiques, dans le respect de la libert\u00e9 de conscience de chaque famille.<\/p><p>Afin de vous permettre un choix \u00e9clair\u00e9 pour l\u2019inscription de votre enfant en culture chr\u00e9tienne ou en cat\u00e9ch\u00e8se, vous trouverez ci-dessous une brochure vous offrant une pr\u00e9sentation succincte des diff\u00e9rentes propositions.<\/p><p><a href=\"https:\/\/ecole-stjoseph-pontchateau.fr\/wp-content\/uploads\/2023\/02\/Depliant-cate-culture-eveil.pdf\">D\u00e9pliant cat\u00e9-culture-\u00e9veil<\/a><\/p>\t\t\t\t\t\t<\/div>\n\t\t\t\t<\/div>\n\t\t\t\t\t<\/div>\n\t\t<\/div>\n\t\t\t\t\t\t\t<\/div>\n\t\t<\/section>\n\t\t\t\t\t\t\t<\/div>\n\t\t","protected":false},"excerpt":{"rendered":"<p>PR\u00c9SENTATION Cat\u00e9ch\u00e8se ou culture chr\u00e9tienne Deux propositions pour votre enfant en CE1, CE2, CM1 et CM2 \u00a0 L\u2019\u00e9cole offre un temps de cat\u00e9ch\u00e8se ou un temps de culture chr\u00e9tienne une fois par semaine. Cette proposition s\u2019inscrit dans le projet \u00e9ducatif des \u00e9coles catholiques, dans le respect de la libert\u00e9 de conscience de chaque famille. Afin<\/p>\n<p><a href=\"https:\/\/ecole-stjoseph-pontchateau.fr\/?page_id=11410\" class=\"more-link themebutton\">Lire la suite<\/a><\/p>\n","protected":false},"author":26,"featured_media":0,"parent":0,"menu_order":0,"comment_status":"closed","ping_status":"closed","template":"","meta":{"ngg_post_thumbnail":0,"footnotes":""},"_links":{"self":[{"href":"https:\/\/ecole-stjoseph-pontchateau.fr\/index.php?rest_route=\/wp\/v2\/pages\/11410"}],"collection":[{"href":"https:\/\/ecole-stjoseph-pontchateau.fr\/index.php?rest_route=\/wp\/v2\/pages"}],"about":[{"href":"https:\/\/ecole-stjoseph-pontchateau.fr\/index.php?rest_route=\/wp\/v2\/types\/page"}],"author":[{"embeddable":true,"href":"https:\/\/ecole-stjoseph-pontchateau.fr\/index.php?rest_route=\/wp\/v2\/users\/26"}],"replies":[{"embeddable":true,"href":"https:\/\/ecole-stjoseph-pontchateau.fr\/index.php?rest_route=%2Fwp%2Fv2%2Fcomments&post=11410"}],"version-history":[{"count":5,"href":"https:\/\/ecole-stjoseph-pontchateau.fr\/index.php?rest_route=\/wp\/v2\/pages\/11410\/revisions"}],"predecessor-version":[{"id":11431,"href":"https:\/\/ecole-stjoseph-pontchateau.fr\/index.php?rest_route=\/wp\/v2\/pages\/11410\/revisions\/11431"}],"wp:attachment":[{"href":"https:\/\/ecole-stjoseph-pontchateau.fr\/index.php?rest_route=%2Fwp%2Fv2%2Fmedia&parent=11410"}],"curies":[{"name":"wp","href":"https:\/\/api.w.org\/{rel}","templated":true}]}}