{"id":1388,"date":"2016-04-05T09:26:29","date_gmt":"2016-04-05T08:26:29","guid":{"rendered":"https:\/\/ecole-stjoseph-pontchateau.fr\/?page_id=1388"},"modified":"2025-12-18T10:20:54","modified_gmt":"2025-12-18T09:20:54","slug":"organigramme-equipe-enseignante","status":"publish","type":"page","link":"https:\/\/ecole-stjoseph-pontchateau.fr\/?page_id=1388","title":{"rendered":"Equipe \u00e9ducative"},"content":{"rendered":"\t\t<div data-elementor-type=\"wp-page\" data-elementor-id=\"1388\" class=\"elementor elementor-1388\">\n\t\t\t\t\t\t\t\t\t<section class=\"elementor-section elementor-top-section elementor-element elementor-element-166fdcd1 elementor-section-boxed elementor-section-height-default elementor-section-height-default\" data-id=\"166fdcd1\" data-element_type=\"section\">\n\t\t\t\t\t\t<div class=\"elementor-container elementor-column-gap-default\">\n\t\t\t\t\t<div class=\"elementor-column elementor-col-100 elementor-top-column elementor-element elementor-element-5d0f6cb5\" data-id=\"5d0f6cb5\" data-element_type=\"column\">\n\t\t\t<div class=\"elementor-widget-wrap elementor-element-populated\">\n\t\t\t\t\t\t\t\t<div class=\"elementor-element elementor-element-123fe873 elementor-widget elementor-widget-text-editor\" data-id=\"123fe873\" data-element_type=\"widget\" data-widget_type=\"text-editor.default\">\n\t\t\t\t<div class=\"elementor-widget-container\">\n\t\t\t<style>\/*! elementor - v3.18.0 - 20-12-2023 *\/\n.elementor-widget-text-editor.elementor-drop-cap-view-stacked .elementor-drop-cap{background-color:#69727d;color:#fff}.elementor-widget-text-editor.elementor-drop-cap-view-framed .elementor-drop-cap{color:#69727d;border:3px solid;background-color:transparent}.elementor-widget-text-editor:not(.elementor-drop-cap-view-default) .elementor-drop-cap{margin-top:8px}.elementor-widget-text-editor:not(.elementor-drop-cap-view-default) .elementor-drop-cap-letter{width:1em;height:1em}.elementor-widget-text-editor .elementor-drop-cap{float:left;text-align:center;line-height:1;font-size:50px}.elementor-widget-text-editor .elementor-drop-cap-letter{display:inline-block}<\/style>\t\t\t\t<h3><span style=\"color: #3366ff;\">L\u2019\u00e9quipe \u00e9ducative<\/span><\/h3><p><strong>PS A\u00a0:<\/strong> Mme Nad\u00e8ge Vierling (lundi et mardi) et Mme B\u00e9n\u00e9dicte Baron (jeudi et vendredi) &#8211; <u>Asem<\/u>\u00a0:\u00a0 Mme Ang\u00e9lina Labour<\/p><p><strong>PS B &#8211; MS A : <\/strong>Mme Doroth\u00e9e Fonteneau &#8211; <u>Asem<\/u>\u00a0: Mme Ewa Dridi<\/p><p><strong>MS B :<\/strong> Mme Isabelle L\u00e9v\u00eaque &#8211; <u>Asem<\/u>\u00a0: Mme Fabienne Bonnet et M. Angelo Levant<\/p><p><strong>MS C :<\/strong> Mme Morgane Landais (lundi, mardi et vendredi) et Mme Dorine Jeanneau (jeudi) &#8211; <u>Asem<\/u>\u00a0: Mme Guylaine Couvrand<\/p><p><strong>GS B\u00a0:<\/strong>\u00a0Mme Isabelle David suppl\u00e9\u00e9e par Mme Murielle Bugeaud &#8211; <u>Asem<\/u>\u00a0: Mme Brigitte Dalibert<\/p><p><strong>GS A &#8211; CP A\u00a0:<\/strong> Mme Nelly Guihard &#8211; <u>Asem<\/u> : Mme Karine Bouvron<\/p><p><strong>GS C &#8211; CPC :<\/strong> Mme Sophie Belleau &#8211; <u>Asem<\/u> : Mme Peggy Morice<\/p><p><strong>CP B :<\/strong> Mme V\u00e9ronique Launay<\/p><p><strong>CE1 A\u00a0:<\/strong> Mme Patricia Sabatier suppl\u00e9\u00e9e par Mme Camille Amice<\/p><p><strong>CE1 B\u00a0:<\/strong> Mme C\u00e9line Havard<\/p><p><strong>CE1 C &#8211; CE2 B :<\/strong> Mme Sandra Decuyper<\/p><p><strong>CE2 A\u00a0:<\/strong> M. Samuel Glotain<\/p><p><strong>CM1 A :<\/strong> Mme Ang\u00e9lique Brisson<\/p><p><strong>CM1 B :<\/strong> Mme C\u00e9line Chevillard<\/p><p><strong>CM2 A\u00a0:<\/strong> Mme Agn\u00e8s Legendre (lundi, mardi et vendredi) et Mme Ang\u00e9lique Gu\u00e9rin (jeudi)<\/p><p><strong>CM2 B\u00a0:<\/strong> Mme Sophie Plaud<\/p><p><strong>CE2 C &#8211; CM2 C\u00a0:<\/strong> Mme C\u00e9cile Julienne<\/p><p><strong>ULIS\u00a0:<\/strong> Mme Rapha\u00eblle De La Monneraye \u2013 <u>AVS CO<\/u>\u00a0: Mme Am\u00e9lie Pouivet<\/p><p><strong>RA\u00a0:<\/strong> Mme Delphine Perrais<\/p><p>\u00a0<\/p><p>Animatrice BCD\u00a0: Mme Peggy MORICE<\/p><p>Le personnel de service (animation, cantine, entretien\u2026) est compos\u00e9, en plus des ASEM de Mesdames Sonia CHAPLAIS, Christine MORICE, Orlane MULLER, Nathalie RABOT, Virginie REVILLA, Harmonie RICHARD et Monsieur Philippe TREMOLET.<\/p><p>Secr\u00e9taire comptable\u00a0: Mme C\u00e9line DROUILLET.<\/p>\t\t\t\t\t\t<\/div>\n\t\t\t\t<\/div>\n\t\t\t\t<div class=\"elementor-element elementor-element-d7ac8f6 elementor-widget elementor-widget-text-editor\" data-id=\"d7ac8f6\" data-element_type=\"widget\" data-widget_type=\"text-editor.default\">\n\t\t\t\t<div class=\"elementor-widget-container\">\n\t\t\t\t\t\t\t\t\t\t\t\t\t<\/div>\n\t\t\t\t<\/div>\n\t\t\t\t\t<\/div>\n\t\t<\/div>\n\t\t\t\t\t\t\t<\/div>\n\t\t<\/section>\n\t\t\t\t\t\t\t<\/div>\n\t\t","protected":false},"excerpt":{"rendered":"<p>L\u2019\u00e9quipe \u00e9ducative PS A\u00a0: Mme Nad\u00e8ge Vierling (lundi et mardi) et Mme B\u00e9n\u00e9dicte Baron (jeudi et vendredi) &#8211; Asem\u00a0:\u00a0 Mme Ang\u00e9lina Labour PS B &#8211; MS A : Mme Doroth\u00e9e Fonteneau &#8211; Asem\u00a0: Mme Ewa Dridi MS B : Mme Isabelle L\u00e9v\u00eaque &#8211; Asem\u00a0: Mme Fabienne Bonnet et M. Angelo Levant MS C : Mme<\/p>\n<p><a href=\"https:\/\/ecole-stjoseph-pontchateau.fr\/?page_id=1388\" class=\"more-link themebutton\">Lire la suite<\/a><\/p>\n","protected":false},"author":26,"featured_media":0,"parent":2,"menu_order":0,"comment_status":"closed","ping_status":"closed","template":"","meta":{"ngg_post_thumbnail":0,"footnotes":""},"_links":{"self":[{"href":"https:\/\/ecole-stjoseph-pontchateau.fr\/index.php?rest_route=\/wp\/v2\/pages\/1388"}],"collection":[{"href":"https:\/\/ecole-stjoseph-pontchateau.fr\/index.php?rest_route=\/wp\/v2\/pages"}],"about":[{"href":"https:\/\/ecole-stjoseph-pontchateau.fr\/index.php?rest_route=\/wp\/v2\/types\/page"}],"author":[{"embeddable":true,"href":"https:\/\/ecole-stjoseph-pontchateau.fr\/index.php?rest_route=\/wp\/v2\/users\/26"}],"replies":[{"embeddable":true,"href":"https:\/\/ecole-stjoseph-pontchateau.fr\/index.php?rest_route=%2Fwp%2Fv2%2Fcomments&post=1388"}],"version-history":[{"count":35,"href":"https:\/\/ecole-stjoseph-pontchateau.fr\/index.php?rest_route=\/wp\/v2\/pages\/1388\/revisions"}],"predecessor-version":[{"id":14527,"href":"https:\/\/ecole-stjoseph-pontchateau.fr\/index.php?rest_route=\/wp\/v2\/pages\/1388\/revisions\/14527"}],"up":[{"embeddable":true,"href":"https:\/\/ecole-stjoseph-pontchateau.fr\/index.php?rest_route=\/wp\/v2\/pages\/2"}],"wp:attachment":[{"href":"https:\/\/ecole-stjoseph-pontchateau.fr\/index.php?rest_route=%2Fwp%2Fv2%2Fmedia&parent=1388"}],"curies":[{"name":"wp","href":"https:\/\/api.w.org\/{rel}","templated":true}]}}