{"id":1509,"date":"2016-04-05T11:54:27","date_gmt":"2016-04-05T10:54:27","guid":{"rendered":"https:\/\/ecole-stjoseph-pontchateau.fr\/?page_id=1509"},"modified":"2024-08-22T21:23:06","modified_gmt":"2024-08-22T19:23:06","slug":"projet-educatif","status":"publish","type":"page","link":"https:\/\/ecole-stjoseph-pontchateau.fr\/?page_id=1509","title":{"rendered":"Projet \u00e9ducatif"},"content":{"rendered":"\t\t<div data-elementor-type=\"wp-page\" data-elementor-id=\"1509\" class=\"elementor elementor-1509\">\n\t\t\t\t\t\t\t\t\t<section class=\"elementor-section elementor-top-section elementor-element elementor-element-3f06c99a elementor-section-boxed elementor-section-height-default elementor-section-height-default\" data-id=\"3f06c99a\" data-element_type=\"section\">\n\t\t\t\t\t\t<div class=\"elementor-container elementor-column-gap-default\">\n\t\t\t\t\t<div class=\"elementor-column elementor-col-100 elementor-top-column elementor-element elementor-element-5acfa2d9\" data-id=\"5acfa2d9\" data-element_type=\"column\">\n\t\t\t<div class=\"elementor-widget-wrap elementor-element-populated\">\n\t\t\t\t\t\t\t\t<div class=\"elementor-element elementor-element-2e4afc05 elementor-widget elementor-widget-text-editor\" data-id=\"2e4afc05\" data-element_type=\"widget\" data-widget_type=\"text-editor.default\">\n\t\t\t\t<div class=\"elementor-widget-container\">\n\t\t\t<style>\/*! elementor - v3.18.0 - 20-12-2023 *\/\n.elementor-widget-text-editor.elementor-drop-cap-view-stacked .elementor-drop-cap{background-color:#69727d;color:#fff}.elementor-widget-text-editor.elementor-drop-cap-view-framed .elementor-drop-cap{color:#69727d;border:3px solid;background-color:transparent}.elementor-widget-text-editor:not(.elementor-drop-cap-view-default) .elementor-drop-cap{margin-top:8px}.elementor-widget-text-editor:not(.elementor-drop-cap-view-default) .elementor-drop-cap-letter{width:1em;height:1em}.elementor-widget-text-editor .elementor-drop-cap{float:left;text-align:center;line-height:1;font-size:50px}.elementor-widget-text-editor .elementor-drop-cap-letter{display:inline-block}<\/style>\t\t\t\t<h3 style=\"text-align: center;\">\u00a0<em><span style=\"color: #0000ff;\">\u00ab\u00a0Seul on va vite, ensemble on va plus loin\u00a0\u00bb, proverbe africain<\/span><\/em><\/h3><p><strong><u>Histoire de l\u2019\u00e9cole<\/u><\/strong><\/p><p>En 1846, les religieuses ach\u00e8tent l\u2019ancien presbyt\u00e8re de Pontch\u00e2teau pour y installer leur \u00e9cole, elles l\u2019appellent \u00ab\u00a0Ecole Saint-Joseph\u00a0\u00bb. Depuis cette date, l\u2019\u00e9cole a conserv\u00e9 le m\u00eame emplacement et le m\u00eame nom.<\/p><p>Au fil des ann\u00e9es, l\u2019\u00e9cole grandit et se d\u00e9veloppe en r\u00e9pondant toujours aux valeurs de Saint-Joseph. Elle devient mixte en 1970.<\/p><p>En septembre 1991, une nouvelle page se tourne avec l\u2019arriv\u00e9e d\u2019un la\u00efc \u00e0 la direction.<\/p><p><u>Phrase d\u2019introduction <\/u><\/p><p>L\u2019\u00e9cole Saint-Joseph s\u2019appuie sur les orientations \u00e9ducatives dioc\u00e9saines de l\u2019enseignement catholique de Loire-Atlantique pour fonder son projet d\u2019\u00e9tablissement.<\/p><p><u>Axes se d\u00e9gageant<\/u>\u00a0:<\/p><p><span style=\"color: #3366ff;\"><strong>Grandir par la diff\u00e9rence et l\u2019\u00e9coute<\/strong><\/span><\/p><p><em><sup>\u00ab\u00a0<\/sup><\/em><em>Alors que <strong>J\u00e9sus<\/strong> approchait de J\u00e9richo, un <strong>aveugle<\/strong> mendiait, assis au bord de la route.\u00a0 Entendant la foule passer devant lui, il s\u2019informa de ce qu\u2019il y avait. On lui apprit que c\u2019\u00e9tait J\u00e9sus le Nazar\u00e9en qui passait. <sup>\u00a0<\/sup>Il s\u2019\u00e9cria\u00a0: \u00ab\u00a0J\u00e9sus, fils de David, prends piti\u00e9 de moi\u00a0!\u00a0\u00bb\u00a0\u00bb Saint-Luc 18, 35 &#8211; 38<\/em><\/p><p>Joseph est sensible aux besoins des siens en particulier, de Marie et de J\u00e9sus. Comme lui, J\u00e9sus se fait proche des plus petits.<\/p><p>A l\u2019exemple de J\u00e9sus, l\u2019\u00e9cole Saint-Joseph s\u2019attache \u00e0 ce que chaque \u00e9l\u00e8ve b\u00e9n\u00e9ficie d\u2019un accueil bienveillant, d\u2019un suivi r\u00e9gulier et d\u2019une parole attentive. L\u2019\u00e9quipe \u00e9ducative prend en compte chaque enfant dans son individualit\u00e9, et l\u2019accompagne au regard de sa propre histoire et de ses besoins.<\/p><p>Pour nous, cela se vit\u00a0par le vivre ensemble\u00a0:<\/p><ul><li>Conna\u00eetre et respecter le cadre scolaire\u00a0<\/li><li>Avoir un regard positif sur soi, sur les autres et sur ses apprentissages<\/li><li>Permettre aux \u00e9l\u00e8ves \u00e0 besoins \u00e9ducatifs particuliers d\u2019\u00eatre accueillis dans le dispositif ULIS (Unit\u00e9s Localis\u00e9es pour l\u2019Inclusion Scolaire)<\/li><li>Prendre des responsabilit\u00e9s au sein de l\u2019\u00e9tablissement et devenir autonome<\/li><li>Dispenser des aides sp\u00e9cialis\u00e9s aux enfants en difficult\u00e9<\/li><li>Proposer des parcours d\u2019\u00e9glise<\/li><\/ul><p><strong><span style=\"color: #3366ff;\">Rendre l\u2019enfant acteur de ses apprentissages<\/span> <\/strong><\/p><p><em>\u00ab\u00a0<strong>Que veux-tu que je fasse pour toi\u00a0?\u00a0\u00bb<\/strong> L\u2019aveugle r\u00e9pondit\u00a0: \u00ab\u00a0Seigneur, que je retrouve la vue.\u00a0\u00bb\u00a0\u00bb Saint-Luc 18, 41<\/em><\/p><p>J\u00e9sus sait ce que veut l\u2019aveugle mais ne s\u2019impose pas. La d\u00e9cision et la gu\u00e9rison doivent venir de l\u2019aveugle. Toute personne est capable de choisir, de d\u00e9cider et de s\u2019engager.<\/p><p>Comme J\u00e9sus laisse libre et appelle \u00e0 la responsabilit\u00e9, l\u2019\u00e9cole Saint-Joseph s\u2019appuie sur ses valeurs.\u00a0 Au travers des projets, l\u2019enfant joue un r\u00f4le pr\u00e9pond\u00e9rant dans son parcours scolaire. Notre organisation p\u00e9dagogique favorise les relations entre classe\/niveau, entre cycle d\u00e9veloppant ainsi l\u2019engagement, la coop\u00e9ration et la motivation des \u00e9l\u00e8ves. Les projets p\u00e9dagogiques contribuent au travail d\u2019\u00e9quipe et \u00e0 des pratiques singuli\u00e8res et innovantes.<\/p><p>Pour nous, cela se vit par la formation de la personne :<\/p><ul><li>Apprendre dans le strict respect des programmes officiels<\/li><li>Travailler \u00e0 partir d\u2019ateliers d\u2019inspiration Montessori en maternelle<\/li><li>Etre acteur par la p\u00e9dagogie de projets<\/li><li>D\u00e9ployer la continuit\u00e9 \u00e9cole coll\u00e8ge<\/li><li>Partager des temps forts avec les \u00e9coles du secteur, aller \u00e0 la rencontre de d\u2019autres \u00e9coles, d\u2019autres \u00e9l\u00e8ves<\/li><li>Participer \u00e0 des temps forts pastoraux<\/li><li>Vivre des activit\u00e9s diverses sur le temps m\u00e9ridien<\/li><\/ul><p><span style=\"color: #3366ff;\"><strong>Offrir aux enfants une ouverture culturelle, linguistique et spirituelle<\/strong><\/span><\/p><p><em><sup>\u00ab\u00a0<\/sup><\/em><em>Et J\u00e9sus lui dit\u00a0: \u00ab\u00a0Retrouve la vue\u00a0! <strong>Ta foi t\u2019a sauv\u00e9<\/strong>.\u00a0\u00bb\u00a0\u00bb Saint-Luc 18, 42<\/em><\/p><p>J\u00e9sus s\u2019est fait proche de l\u2019aveugle, il lui a ouvert le c\u0153ur. J\u00e9sus gu\u00e9rit ainsi la personne toute enti\u00e8re (c\u0153ur, corps et esprit) et ouvre les yeux de l\u2019aveugle sur les autres et sur le monde.<\/p><p>L\u2019\u00e9cole Saint-Joseph s\u2019inspire de l\u2019attitude du Christ en offrant les meilleures chances \u00e0 ses \u00e9l\u00e8ves de grandir et de s\u2019ins\u00e9rer dans le monde qui est le leur. L\u2019\u00e9cole Saint-Joseph est devenu un \u00e9tablissement ouvert \u00e0 l\u2019international depuis 2019. Deux labels t\u00e9moignent de la volont\u00e9 de l\u2019\u00e9quipe \u00e9ducative \u00e0 mettre en \u0153uvre des projets visant \u00e0 satisfaire l\u2019envie des \u00e9l\u00e8ves d\u2019approfondir la connaissance d\u2019eux-m\u00eames et du monde qui les entoure.<\/p><p>Pour nous, cela se vit par des valeurs d\u2019ouverture et de tol\u00e9rance\u00a0:<\/p><ul><li>Initier les \u00e9l\u00e8ves \u00e0 une langue \u00e9crite et parl\u00e9e de mani\u00e8re ludique et motivante<\/li><li>Favoriser l\u2018apprentissage des langues d\u00e8s la maternelle<\/li><li>Etablir des partenariats avec des \u00e9coles europ\u00e9ennes et des \u00e9changes entre \u00e9l\u00e8ves via une plateforme d\u00e9di\u00e9e<\/li><li>Permettre la mobilit\u00e9 des \u00e9l\u00e8ves et des enseignants \u00e0 l\u2019\u00e9tranger par l\u2019interm\u00e9diaire d\u2019Erasmus<\/li><li>S\u2019engager dans des actions de solidarit\u00e9 avec des associations caritatives<\/li><li>Eveiller les \u00e9l\u00e8ves \u00e0 leur vie int\u00e9rieure<\/li><\/ul><p><span style=\"color: #3366ff;\"><strong>Tisser des liens au sein de la communaut\u00e9 \u00e9ducative<\/strong><\/span><\/p><p><em><sup>\u00ab\u00a0<\/sup><\/em><em>\u00c0 l\u2019instant m\u00eame, il retrouva la vue, et il suivait J\u00e9sus en rendant gloire \u00e0 Dieu. Et tout le peuple, voyant cela, adressa une louange \u00e0 Dieu.\u00a0\u00bb Saint-Luc 18, 43<\/em><\/p><p>J\u00e9sus a gu\u00e9ri l\u2019aveugle. Tout joyeux, il devient son disciple et son t\u00e9moin aupr\u00e8s de tous. Il marche, avec J\u00e9sus, sur le chemin du bonheur et de la vraie vie.<\/p><p>A l\u2019image de l\u2019aveugle qui d\u00e9couvre une nouvelle vie au sein de la communaut\u00e9, nous offrons \u00e0 nos \u00e9l\u00e8ves un lieu de vie et de rencontres avec tous les acteurs de l\u2019\u00e9cole Saint-Joseph. Elle accueille ainsi chaque enfant d\u00e8s son entr\u00e9e en maternelle et chemine jusqu\u2019au CM2 dans la confiance, le respect et la consid\u00e9ration. En communaut\u00e9, chaque enfant d\u00e9veloppe ses propres talents au service de tous.<\/p><p>Les associations de parents OGEC et APEL soutiennent par leur pr\u00e9sence et leurs actions la dynamique de l\u2019\u00e9cole.<\/p><p>Pour nous, cela se vit par la fraternit\u00e9\u00a0:<\/p><ul><li>Permettre \u00e0 chacun de prendre une place dans la communaut\u00e9 \u00e9ducative<\/li><li>Rencontrer la paroisse et les diff\u00e9rences instances autour de l\u2019\u00e9cole pour dynamiser la pastorale et vivre des temps forts<\/li><li>Proposer des temps d\u2019\u00e9changes et favoriser une communication fluide entre les parents de l\u2019\u00e9cole<\/li><li>Offrir aux familles un accueil et un accompagnement des enfants hors temps scolaire<\/li><\/ul><p><a href=\"https:\/\/ecole-stjoseph-pontchateau.fr\/wp-content\/uploads\/2024\/08\/Projet-educatif.pdf\">Projet \u00e9ducatif<\/a><\/p>\t\t\t\t\t\t<\/div>\n\t\t\t\t<\/div>\n\t\t\t\t\t<\/div>\n\t\t<\/div>\n\t\t\t\t\t\t\t<\/div>\n\t\t<\/section>\n\t\t\t\t\t\t\t<\/div>\n\t\t","protected":false},"excerpt":{"rendered":"<p>\u00a0\u00ab\u00a0Seul on va vite, ensemble on va plus loin\u00a0\u00bb, proverbe africain Histoire de l\u2019\u00e9cole En 1846, les religieuses ach\u00e8tent l\u2019ancien presbyt\u00e8re de Pontch\u00e2teau pour y installer leur \u00e9cole, elles l\u2019appellent \u00ab\u00a0Ecole Saint-Joseph\u00a0\u00bb. Depuis cette date, l\u2019\u00e9cole a conserv\u00e9 le m\u00eame emplacement et le m\u00eame nom. Au fil des ann\u00e9es, l\u2019\u00e9cole grandit et se d\u00e9veloppe en<\/p>\n<p><a href=\"https:\/\/ecole-stjoseph-pontchateau.fr\/?page_id=1509\" class=\"more-link themebutton\">Lire la suite<\/a><\/p>\n","protected":false},"author":26,"featured_media":0,"parent":0,"menu_order":0,"comment_status":"closed","ping_status":"closed","template":"","meta":{"ngg_post_thumbnail":0,"footnotes":""},"_links":{"self":[{"href":"https:\/\/ecole-stjoseph-pontchateau.fr\/index.php?rest_route=\/wp\/v2\/pages\/1509"}],"collection":[{"href":"https:\/\/ecole-stjoseph-pontchateau.fr\/index.php?rest_route=\/wp\/v2\/pages"}],"about":[{"href":"https:\/\/ecole-stjoseph-pontchateau.fr\/index.php?rest_route=\/wp\/v2\/types\/page"}],"author":[{"embeddable":true,"href":"https:\/\/ecole-stjoseph-pontchateau.fr\/index.php?rest_route=\/wp\/v2\/users\/26"}],"replies":[{"embeddable":true,"href":"https:\/\/ecole-stjoseph-pontchateau.fr\/index.php?rest_route=%2Fwp%2Fv2%2Fcomments&post=1509"}],"version-history":[{"count":32,"href":"https:\/\/ecole-stjoseph-pontchateau.fr\/index.php?rest_route=\/wp\/v2\/pages\/1509\/revisions"}],"predecessor-version":[{"id":13424,"href":"https:\/\/ecole-stjoseph-pontchateau.fr\/index.php?rest_route=\/wp\/v2\/pages\/1509\/revisions\/13424"}],"wp:attachment":[{"href":"https:\/\/ecole-stjoseph-pontchateau.fr\/index.php?rest_route=%2Fwp%2Fv2%2Fmedia&parent=1509"}],"curies":[{"name":"wp","href":"https:\/\/api.w.org\/{rel}","templated":true}]}}