{"id":1526,"date":"2016-04-25T14:00:18","date_gmt":"2016-04-25T13:00:18","guid":{"rendered":"https:\/\/ecole-stjoseph-pontchateau.fr\/?page_id=1526"},"modified":"2016-04-25T21:08:42","modified_gmt":"2016-04-25T20:08:42","slug":"des-initiatives-pedagogiques","status":"publish","type":"page","link":"https:\/\/ecole-stjoseph-pontchateau.fr\/?page_id=1526","title":{"rendered":"Des initiatives p\u00e9dagogiques"},"content":{"rendered":"<p>La tablette en maternelle<br \/>\n<iframe src=\"https:\/\/www.youtube.com\/embed\/A-yz7495p6Q?rel=0\" width=\"560\" height=\"315\" frameborder=\"0\" allowfullscreen=\"allowfullscreen\"><\/iframe><\/p>\n<p>Depuis la rentr\u00e9e de janvier, les enseignantes de la maternelle de l\u2019\u00e9cole Saint-Joseph exp\u00e9rimentent les tablettes num\u00e9riques avec leurs jeunes \u00e9l\u00e8ves. \u00ab Elle n\u2019a pas pour objet de remplacer le papier et le crayon, elle cohabite avec les outils \u00ab traditionnels \u00bb. Pour les enseignants, c\u2019est un outil suppl\u00e9mentaire, en forme de jeu interactif, motivant pour les petits. Ils visualisent leurs progr\u00e8s, leurs r\u00e9ussites. Les enfants s\u2019approprient facilement l\u2019usage de la tablette \u00bb.<\/p>\n<p>Avec ce nouvel outil, les enfants exp\u00e9rimentent la cr\u00e9ation de livres images. Ils s\u2019enregistrent quand ils racontent l\u2019histoire du \u00ab Loup qui voulait changer de couleur \u00bb. Chaque petit groupe prend en charge une page de l\u2019album. Et chaque enfant va donner ce qu\u2019il sait mieux faire, \u00e0 la fois dans la prononciation et l\u2019intonation.<\/p>\n<p>La tablette les fait retravailler aussi, l\u00e0 o\u00f9 ils ont des difficult\u00e9s. En grande section, la tablette est ainsi r\u00e9guli\u00e8rement utilis\u00e9e pour des ateliers de diff\u00e9renciation.<\/p>\n","protected":false},"excerpt":{"rendered":"<p>La tablette en maternelle Depuis la rentr\u00e9e de janvier, les enseignantes de la maternelle de l\u2019\u00e9cole Saint-Joseph exp\u00e9rimentent les tablettes num\u00e9riques avec leurs jeunes \u00e9l\u00e8ves. \u00ab Elle n\u2019a pas pour objet de remplacer le papier et le crayon, elle cohabite avec les outils \u00ab traditionnels \u00bb. Pour les enseignants, c\u2019est un outil suppl\u00e9mentaire, en forme<\/p>\n<p><a href=\"https:\/\/ecole-stjoseph-pontchateau.fr\/?page_id=1526\" class=\"more-link themebutton\">Lire la suite<\/a><\/p>\n","protected":false},"author":26,"featured_media":0,"parent":0,"menu_order":0,"comment_status":"closed","ping_status":"closed","template":"","meta":{"ngg_post_thumbnail":0,"footnotes":""},"_links":{"self":[{"href":"https:\/\/ecole-stjoseph-pontchateau.fr\/index.php?rest_route=\/wp\/v2\/pages\/1526"}],"collection":[{"href":"https:\/\/ecole-stjoseph-pontchateau.fr\/index.php?rest_route=\/wp\/v2\/pages"}],"about":[{"href":"https:\/\/ecole-stjoseph-pontchateau.fr\/index.php?rest_route=\/wp\/v2\/types\/page"}],"author":[{"embeddable":true,"href":"https:\/\/ecole-stjoseph-pontchateau.fr\/index.php?rest_route=\/wp\/v2\/users\/26"}],"replies":[{"embeddable":true,"href":"https:\/\/ecole-stjoseph-pontchateau.fr\/index.php?rest_route=%2Fwp%2Fv2%2Fcomments&post=1526"}],"version-history":[{"count":0,"href":"https:\/\/ecole-stjoseph-pontchateau.fr\/index.php?rest_route=\/wp\/v2\/pages\/1526\/revisions"}],"wp:attachment":[{"href":"https:\/\/ecole-stjoseph-pontchateau.fr\/index.php?rest_route=%2Fwp%2Fv2%2Fmedia&parent=1526"}],"curies":[{"name":"wp","href":"https:\/\/api.w.org\/{rel}","templated":true}]}}