{"id":2,"date":"2014-06-26T08:32:55","date_gmt":"2014-06-26T06:32:55","guid":{"rendered":"https:\/\/ecole-stjoseph-pontchateau.fr\/?page_id=2"},"modified":"2026-03-12T15:48:23","modified_gmt":"2026-03-12T14:48:23","slug":"page-d-exemple","status":"publish","type":"page","link":"https:\/\/ecole-stjoseph-pontchateau.fr\/","title":{"rendered":"Accueil"},"content":{"rendered":"<div id=\"pl-2\"  class=\"panel-layout\" ><div id=\"pg-2-0\"  class=\"panel-grid panel-no-style\" ><div id=\"pgc-2-0-0\"  class=\"panel-grid-cell\" ><div id=\"panel-2-0-0-0\" class=\"so-panel widget widget_sow-editor panel-first-child panel-last-child\" data-index=\"0\" ><div class=\"panel-widget-style panel-widget-style-for-2-0-0-0\" ><div\n\t\t\t\n\t\t\tclass=\"so-widget-sow-editor so-widget-sow-editor-base\"\n\t\t\t\n\t\t><h3 class=\"widget-title\">D\u00e9couvrez notre \u00e9cole !<\/h3>\n<div class=\"siteorigin-widget-tinymce textwidget\">\n\t<p>Nous venons de pr\u00e9parer un petit diaporama pour vous faire d\u00e9couvrir notre \u00e9cole, son quotidien et les beaux projets qui rythment la vie de nos \u00e9l\u00e8ves.<\/p>\n<p>C\u2019est une belle fa\u00e7on de partager avec vous l\u2019ambiance chaleureuse et dynamique qui nous anime chaque jour.<\/p>\n<p>Bonne visite et \u00e0 tr\u00e8s bient\u00f4t \u00e0 l\u2019\u00e9cole !<\/p>\n<div style=\"width: 1170px;\" class=\"wp-video\"><!--[if lt IE 9]><script>document.createElement('video');<\/script><![endif]-->\n<video class=\"wp-video-shortcode\" id=\"video-2-1\" width=\"1170\" height=\"658\" preload=\"metadata\" controls=\"controls\"><source type=\"video\/mp4\" src=\"https:\/\/ecole-stjoseph-pontchateau.fr\/wp-content\/uploads\/2026\/03\/Diaporama-ecole-Presentation.mp4?_=1\" \/><a href=\"https:\/\/ecole-stjoseph-pontchateau.fr\/wp-content\/uploads\/2026\/03\/Diaporama-ecole-Presentation.mp4\">https:\/\/ecole-stjoseph-pontchateau.fr\/wp-content\/uploads\/2026\/03\/Diaporama-ecole-Presentation.mp4<\/a><\/video><\/div>\n<\/div>\n<\/div><\/div><\/div><\/div><div id=\"pgc-2-0-1\"  class=\"panel-grid-cell\" ><div id=\"panel-2-0-1-0\" class=\"so-panel widget widget_sow-editor panel-first-child\" data-index=\"1\" ><div class=\"panel-widget-style panel-widget-style-for-2-0-1-0\" ><div\n\t\t\t\n\t\t\tclass=\"so-widget-sow-editor so-widget-sow-editor-base\"\n\t\t\t\n\t\t><h3 class=\"widget-title\">Les CE1 et CE2 agissent pour notre plan\u00e8te !<\/h3>\n<div class=\"siteorigin-widget-tinymce textwidget\">\n\t<p>Dans le cadre de l\u2019\u00e9ducation au d\u00e9veloppement durable, les \u00e9l\u00e8ves de CE1 et de CE2 ont men\u00e9 plusieurs actions pour mieux comprendre l\u2019impact de nos d\u00e9chets sur l\u2019environnement.<\/p>\n<p>En d\u00e9cembre pour les CE2 et le 17 janvier 2026 pour les CE1, ils ont particip\u00e9 \u00e0 l\u2019op\u00e9ration \u00ab Nettoyons la nature \u00bb autour du gymnase de Qu\u00e9ral. \u00c9quip\u00e9s de bottes et de gants, ils ont ramass\u00e9 1,8 kg de d\u00e9chets : plastique, m\u00e9tal, carton, verre et de nombreux m\u00e9gots de cigarettes. Cette activit\u00e9 a \u00e9t\u00e9 l\u2019occasion d\u2019identifier les diff\u00e9rentes mati\u00e8res et d\u2019\u00e9changer sur le tri et le recyclage.<\/p>\n<p>Pour approfondir ces apprentissages, les \u00e9l\u00e8ves ont visit\u00e9 le 3 f\u00e9vrier 2026 le centre de tri et de valorisation des d\u00e9chets Arc-en-ciel \u00e0 Cou\u00ebron. Ils ont d\u00e9couvert ce que deviennent les d\u00e9chets de nos poubelles : les ordures m\u00e9nag\u00e8res sont incin\u00e9r\u00e9es, tandis que les d\u00e9chets recyclables sont tri\u00e9s par des machines puis v\u00e9rifi\u00e9s par des op\u00e9rateurs.<\/p>\n<p>La visite s\u2019est termin\u00e9e par des quiz en \u00e9quipe, permettant aux \u00e9l\u00e8ves de tester leurs nouvelles connaissances.<\/p>\n<p>De retour \u00e0 l\u2019\u00e9cole, ils ont poursuivi leur r\u00e9flexion en essayant de produire le moins de d\u00e9chets possible lors du pique-nique, puis en triant correctement leurs emballages.<\/p>\n<p>Une belle exp\u00e9rience pour devenir des citoyens plus attentifs \u00e0 la protection de notre plan\u00e8te !<\/p>\n<p><a href=\"https:\/\/ecole-stjoseph-pontchateau.fr\/wp-content\/uploads\/2026\/02\/20260203_100454-scaled.jpg\"><img fetchpriority=\"high\" fetchpriority=\"high\" decoding=\"async\" class=\"alignnone size-medium wp-image-15422\" src=\"https:\/\/ecole-stjoseph-pontchateau.fr\/wp-content\/uploads\/2026\/02\/20260203_100454-300x225.jpg\" alt=\"\" width=\"300\" height=\"225\" srcset=\"https:\/\/ecole-stjoseph-pontchateau.fr\/wp-content\/uploads\/2026\/02\/20260203_100454-300x225.jpg 300w, https:\/\/ecole-stjoseph-pontchateau.fr\/wp-content\/uploads\/2026\/02\/20260203_100454-1024x768.jpg 1024w, https:\/\/ecole-stjoseph-pontchateau.fr\/wp-content\/uploads\/2026\/02\/20260203_100454-768x576.jpg 768w, https:\/\/ecole-stjoseph-pontchateau.fr\/wp-content\/uploads\/2026\/02\/20260203_100454-1536x1152.jpg 1536w, https:\/\/ecole-stjoseph-pontchateau.fr\/wp-content\/uploads\/2026\/02\/20260203_100454-2048x1536.jpg 2048w, https:\/\/ecole-stjoseph-pontchateau.fr\/wp-content\/uploads\/2026\/02\/20260203_100454-1320x990.jpg 1320w\" sizes=\"(max-width: 300px) 100vw, 300px\" \/><\/a><\/p>\n<p>&nbsp;<\/p>\n<\/div>\n<\/div><\/div><\/div><div id=\"panel-2-0-1-1\" class=\"so-panel widget panel-last-child\" data-index=\"2\" ><\/div><\/div><div id=\"pgc-2-0-2\"  class=\"panel-grid-cell\" ><div id=\"panel-2-0-2-0\" class=\"so-panel widget widget_sow-editor panel-first-child panel-last-child\" data-index=\"3\" ><div class=\"panel-widget-style panel-widget-style-for-2-0-2-0\" ><div\n\t\t\t\n\t\t\tclass=\"so-widget-sow-editor so-widget-sow-editor-base\"\n\t\t\t\n\t\t><h3 class=\"widget-title\">Une belle semaine d\u2019\u00e9changes avec nos partenaires espagnols !<\/h3>\n<div class=\"siteorigin-widget-tinymce textwidget\">\n\t<p>Du 2 au 6 mars 2026, notre \u00e9cole a eu le plaisir d\u2019accueillir 8 \u00e9l\u00e8ves espagnols et leurs enseignants dans le cadre du programme Erasmus+. Cette semaine d\u2019\u00e9changes a \u00e9t\u00e9 riche en d\u00e9couvertes, en partages et en moments de convivialit\u00e9 pour tous les \u00e9l\u00e8ves.<\/p>\n<p>D\u00e8s leur arriv\u00e9e, nos visiteurs ont \u00e9t\u00e9 accueillis \u00e0 l\u2019\u00e9cole avant de d\u00e9couvrir les locaux et de participer \u00e0 plusieurs temps de classe avec les \u00e9l\u00e8ves de CM2 : math\u00e9matiques, sciences, g\u00e9om\u00e9trie, g\u00e9ographie ou encore EPS avec des jeux en anglais. Ils ont \u00e9galement pris part \u00e0 diff\u00e9rents ateliers p\u00e9dagogiques et \u00e0 une r\u00e9union des \u00e9co-d\u00e9l\u00e9gu\u00e9s, favorisant les \u00e9changes autour des projets men\u00e9s dans nos \u00e9coles.<\/p>\n<p>La semaine a aussi \u00e9t\u00e9 ponctu\u00e9e de d\u00e9couvertes culturelles et de sorties : visite de Nantes, excursion \u00e0 Terre de Sel \u00e0 Gu\u00e9rande, d\u00e9couverte de la Bri\u00e8re et de la c\u00f4te sauvage, ainsi qu\u2019une randonn\u00e9e au Vallon des Butineurs avec les \u00e9l\u00e8ves de CP.<\/p>\n<p>Des moments plus conviviaux ont \u00e9galement rythm\u00e9 cette semaine : petit-d\u00e9jeuner fran\u00e7ais, chant choral, photos souvenirs \u2026<\/p>\n<p>Cette semaine \u00ab barcelonaise \u00bb a \u00e9t\u00e9 une formidable exp\u00e9rience humaine et culturelle. Elle a permis aux \u00e9l\u00e8ves de pratiquer les langues, de d\u00e9couvrir d\u2019autres cultures et de vivre pleinement les valeurs d\u2019ouverture et de coop\u00e9ration port\u00e9es par le programme Erasmus+.<\/p>\n<p>Un grand merci aux enseignants, aux familles et \u00e0 tous ceux qui ont contribu\u00e9 \u00e0 la r\u00e9ussite de ce beau projet !<\/p>\n<p><a href=\"https:\/\/ecole-stjoseph-pontchateau.fr\/wp-content\/uploads\/2026\/03\/Semaine-barcelonaise.jpg\"><img decoding=\"async\" src=\"https:\/\/ecole-stjoseph-pontchateau.fr\/wp-content\/uploads\/2026\/03\/Semaine-barcelonaise-300x225.jpg\" alt=\"\" width=\"300\" height=\"225\" class=\"alignnone size-medium wp-image-15453\" srcset=\"https:\/\/ecole-stjoseph-pontchateau.fr\/wp-content\/uploads\/2026\/03\/Semaine-barcelonaise-300x225.jpg 300w, https:\/\/ecole-stjoseph-pontchateau.fr\/wp-content\/uploads\/2026\/03\/Semaine-barcelonaise.jpg 640w\" sizes=\"(max-width: 300px) 100vw, 300px\" \/><\/a><\/p>\n<\/div>\n<\/div><\/div><\/div><\/div><\/div><div id=\"pg-2-1\"  class=\"panel-grid panel-no-style\" ><div id=\"pgc-2-1-0\"  class=\"panel-grid-cell\" ><div id=\"panel-2-1-0-0\" class=\"so-panel widget widget_sow-editor panel-first-child panel-last-child\" data-index=\"4\" ><div\n\t\t\t\n\t\t\tclass=\"so-widget-sow-editor so-widget-sow-editor-base\"\n\t\t\t\n\t\t><h3 class=\"widget-title\">Parcours Cambridge<\/h3>\n<div class=\"siteorigin-widget-tinymce textwidget\">\n\t<p>Dans le cadre de son ouverture \u00e0 l'international, l'\u00e9cole offre aux enfants une ouverture culturelle et linguistique. Elle initie les \u00e9l\u00e8ves \u00e0 une langue \u00e9crite et parl\u00e9e de mani\u00e8re ludique et motivante. Elle propose notamment le parcours Cambridge pour les \u00e9l\u00e8ves de CM1 et CM2. Vous trouverez ci-dessous toutes les informations sur ce parcours.<\/p>\n<p>Good reading !<\/p>\n<p><a href=\"https:\/\/ecole-stjoseph-pontchateau.fr\/wp-content\/uploads\/2024\/04\/Parcours-Cambridge-Site-Internet.docx\">Parcours Cambridge<\/a><\/p>\n<\/div>\n<\/div><\/div><\/div><\/div><div id=\"pg-2-2\"  class=\"panel-grid panel-no-style\" ><div id=\"pgc-2-2-0\"  class=\"panel-grid-cell\" ><div id=\"panel-2-2-0-0\" class=\"so-panel widget widget_sow-editor panel-first-child panel-last-child\" data-index=\"5\" ><div\n\t\t\t\n\t\t\tclass=\"so-widget-sow-editor so-widget-sow-editor-base\"\n\t\t\t\n\t\t>\n<div class=\"siteorigin-widget-tinymce textwidget\">\n\t<table style=\"width: 99.223%;\" width=\"800\">\n<tbody>\n<tr>\n<td style=\"width: 183.889%;\" width=\"250\">\n<h1 style=\"text-align: center;\"><span style=\"color: #0000ff;\"><strong>\u00c9cole Saint-Joseph<\/strong><\/span><\/h1>\n<h2 style=\"text-align: center;\"><span style=\"color: #ff0000;\"><strong>Maternelle<br \/>\n&amp;<br \/>\nPrimaire<\/strong><\/span><\/h2>\n<h3 style=\"text-align: center;\">&nbsp;Direction :<br \/>\nMme Laure Boug\u00e8re Bretonni\u00e8re<\/h3>\n<p style=\"text-align: center;\"><a href=\"https:\/\/ecole-stjoseph-pontchateau.fr\/wp-content\/uploads\/2025\/08\/clip_image002.jpg\"><img decoding=\"async\" class=\"alignnone size-full wp-image-14343\" src=\"https:\/\/ecole-stjoseph-pontchateau.fr\/wp-content\/uploads\/2025\/08\/clip_image002.jpg\" alt=\"\" width=\"155\" height=\"168\"\/><\/a><\/p>\n<\/td>\n<td style=\"width: 351.171%;\" width=\"550\">&nbsp;<\/p>\n<div id=\"intro-core\">&nbsp;<\/div>\n<\/td>\n<\/tr>\n<\/tbody>\n<\/table>\n<\/div>\n<\/div><\/div><\/div><\/div><\/div>","protected":false},"excerpt":{"rendered":"<p>Nous venons de pr\u00e9parer un petit diaporama pour vous faire d\u00e9couvrir notre \u00e9cole, son quotidien et les beaux projets qui rythment la vie de nos \u00e9l\u00e8ves. C\u2019est une belle fa\u00e7on de partager avec vous l\u2019ambiance chaleureuse et dynamique qui nous anime chaque jour. Bonne visite et \u00e0 tr\u00e8s bient\u00f4t \u00e0 l\u2019\u00e9cole ! Dans le cadre<\/p>\n<p><a href=\"https:\/\/ecole-stjoseph-pontchateau.fr\/\" class=\"more-link themebutton\">Lire la suite<\/a><\/p>\n","protected":false},"author":1,"featured_media":0,"parent":0,"menu_order":0,"comment_status":"closed","ping_status":"closed","template":"","meta":{"ngg_post_thumbnail":0,"footnotes":""},"_links":{"self":[{"href":"https:\/\/ecole-stjoseph-pontchateau.fr\/index.php?rest_route=\/wp\/v2\/pages\/2"}],"collection":[{"href":"https:\/\/ecole-stjoseph-pontchateau.fr\/index.php?rest_route=\/wp\/v2\/pages"}],"about":[{"href":"https:\/\/ecole-stjoseph-pontchateau.fr\/index.php?rest_route=\/wp\/v2\/types\/page"}],"author":[{"embeddable":true,"href":"https:\/\/ecole-stjoseph-pontchateau.fr\/index.php?rest_route=\/wp\/v2\/users\/1"}],"replies":[{"embeddable":true,"href":"https:\/\/ecole-stjoseph-pontchateau.fr\/index.php?rest_route=%2Fwp%2Fv2%2Fcomments&post=2"}],"version-history":[{"count":312,"href":"https:\/\/ecole-stjoseph-pontchateau.fr\/index.php?rest_route=\/wp\/v2\/pages\/2\/revisions"}],"predecessor-version":[{"id":15455,"href":"https:\/\/ecole-stjoseph-pontchateau.fr\/index.php?rest_route=\/wp\/v2\/pages\/2\/revisions\/15455"}],"wp:attachment":[{"href":"https:\/\/ecole-stjoseph-pontchateau.fr\/index.php?rest_route=%2Fwp%2Fv2%2Fmedia&parent=2"}],"curies":[{"name":"wp","href":"https:\/\/api.w.org\/{rel}","templated":true}]}}