{"id":91,"date":"2014-07-02T10:17:52","date_gmt":"2014-07-02T09:17:52","guid":{"rendered":"https:\/\/ecole-stjoseph-pontchateau.fr\/?page_id=91"},"modified":"2023-02-01T18:05:39","modified_gmt":"2023-02-01T17:05:39","slug":"nous-trouver","status":"publish","type":"page","link":"https:\/\/ecole-stjoseph-pontchateau.fr\/?page_id=91","title":{"rendered":"Nous trouver"},"content":{"rendered":"<p>8 rue Ch\u00e8re Soeur Saint-Colomban<br \/>\n44160 PONTCH\u00c2TEAU<\/p>\n<p>T\u00e9l. : 02 40 01 63 26<\/p>\n<p>Mail : secretariat-ecolestjoseph@wanadoo.fr<\/p>\n<p><iframe style=\"border: 0;\" src=\"https:\/\/www.google.com\/maps\/embed?pb=!1m14!1m8!1m3!1d2698.7445195367654!2d-2.0865234!3d47.4364248!3m2!1i1024!2i768!4f13.1!3m3!1m2!1s0x480f8751612543cb%3A0x19534698fce0a25!2s8+Rue+Ch%C3%A8re+Soeur+Saint-Colomban!5e0!3m2!1sfr!2sfr!4v1404293268106\" width=\"600\" height=\"450\" frameborder=\"0\"><\/iframe><\/p>\n","protected":false},"excerpt":{"rendered":"<p>8 rue Ch\u00e8re Soeur Saint-Colomban 44160 PONTCH\u00c2TEAU T\u00e9l. : 02 40 01 63 26 Mail : secretariat-ecolestjoseph@wanadoo.fr<\/p>\n","protected":false},"author":26,"featured_media":0,"parent":0,"menu_order":0,"comment_status":"closed","ping_status":"open","template":"","meta":{"ngg_post_thumbnail":0,"footnotes":""},"_links":{"self":[{"href":"https:\/\/ecole-stjoseph-pontchateau.fr\/index.php?rest_route=\/wp\/v2\/pages\/91"}],"collection":[{"href":"https:\/\/ecole-stjoseph-pontchateau.fr\/index.php?rest_route=\/wp\/v2\/pages"}],"about":[{"href":"https:\/\/ecole-stjoseph-pontchateau.fr\/index.php?rest_route=\/wp\/v2\/types\/page"}],"author":[{"embeddable":true,"href":"https:\/\/ecole-stjoseph-pontchateau.fr\/index.php?rest_route=\/wp\/v2\/users\/26"}],"replies":[{"embeddable":true,"href":"https:\/\/ecole-stjoseph-pontchateau.fr\/index.php?rest_route=%2Fwp%2Fv2%2Fcomments&post=91"}],"version-history":[{"count":1,"href":"https:\/\/ecole-stjoseph-pontchateau.fr\/index.php?rest_route=\/wp\/v2\/pages\/91\/revisions"}],"predecessor-version":[{"id":11444,"href":"https:\/\/ecole-stjoseph-pontchateau.fr\/index.php?rest_route=\/wp\/v2\/pages\/91\/revisions\/11444"}],"wp:attachment":[{"href":"https:\/\/ecole-stjoseph-pontchateau.fr\/index.php?rest_route=%2Fwp%2Fv2%2Fmedia&parent=91"}],"curies":[{"name":"wp","href":"https:\/\/api.w.org\/{rel}","templated":true}]}}