{"id":990,"date":"2015-06-19T10:12:39","date_gmt":"2015-06-19T09:12:39","guid":{"rendered":"https:\/\/ecole-stjoseph-pontchateau.fr\/?page_id=990"},"modified":"2025-06-05T16:31:21","modified_gmt":"2025-06-05T14:31:21","slug":"imprimes-a-retourner","status":"publish","type":"page","link":"https:\/\/ecole-stjoseph-pontchateau.fr\/?page_id=990","title":{"rendered":"Circulaires \/ Imprim\u00e9s"},"content":{"rendered":"\t\t<div data-elementor-type=\"wp-page\" data-elementor-id=\"990\" class=\"elementor elementor-990\">\n\t\t\t\t\t\t\t\t\t<section class=\"elementor-section elementor-top-section elementor-element elementor-element-61a45c58 elementor-section-boxed elementor-section-height-default elementor-section-height-default\" data-id=\"61a45c58\" data-element_type=\"section\">\n\t\t\t\t\t\t<div class=\"elementor-container elementor-column-gap-default\">\n\t\t\t\t\t<div class=\"elementor-column elementor-col-100 elementor-top-column elementor-element elementor-element-18b0691a\" data-id=\"18b0691a\" data-element_type=\"column\">\n\t\t\t<div class=\"elementor-widget-wrap elementor-element-populated\">\n\t\t\t\t\t\t\t\t<div class=\"elementor-element elementor-element-56b529d elementor-widget__width-initial elementor-widget elementor-widget-text-editor\" data-id=\"56b529d\" data-element_type=\"widget\" data-widget_type=\"text-editor.default\">\n\t\t\t\t<div class=\"elementor-widget-container\">\n\t\t\t<style>\/*! elementor - v3.18.0 - 20-12-2023 *\/\n.elementor-widget-text-editor.elementor-drop-cap-view-stacked .elementor-drop-cap{background-color:#69727d;color:#fff}.elementor-widget-text-editor.elementor-drop-cap-view-framed .elementor-drop-cap{color:#69727d;border:3px solid;background-color:transparent}.elementor-widget-text-editor:not(.elementor-drop-cap-view-default) .elementor-drop-cap{margin-top:8px}.elementor-widget-text-editor:not(.elementor-drop-cap-view-default) .elementor-drop-cap-letter{width:1em;height:1em}.elementor-widget-text-editor .elementor-drop-cap{float:left;text-align:center;line-height:1;font-size:50px}.elementor-widget-text-editor .elementor-drop-cap-letter{display:inline-block}<\/style>\t\t\t\t<p>Vous trouverez ci-dessous quelques fichiers utiles \u00e0 t\u00e9l\u00e9charger :<\/p><p><a href=\"https:\/\/ecole-stjoseph-pontchateau.fr\/wp-content\/uploads\/2025\/06\/1-Fiche-durgence-Attestation-de-vaccination-Pour-les-enfants-nes-a-partir-de-2019.pdf\">1- Fiche d&rsquo;urgence &#8211; Attestation de vaccination &#8211; Pour les enfants n\u00e9s \u00e0 partir de 2019<\/a><\/p><p><a href=\"https:\/\/ecole-stjoseph-pontchateau.fr\/wp-content\/uploads\/2025\/06\/2-Fiche-durgence-Attestation-de-vaccination-Pour-les-enfants-nes-avant-2019.pdf\">2- Fiche d&rsquo;urgence &#8211; Attestation de vaccination &#8211; Pour les enfants n\u00e9s avant 2019<\/a><\/p><p><a href=\"https:\/\/ecole-stjoseph-pontchateau.fr\/wp-content\/uploads\/2025\/06\/3-Contrat-de-scolarisation.pdf\">3- Contrat de scolarisation<\/a><\/p><p><a href=\"https:\/\/ecole-stjoseph-pontchateau.fr\/wp-content\/uploads\/2025\/06\/4-Reglement-financier.pdf\">4- R\u00e8glement financier<\/a><\/p><p><a href=\"https:\/\/ecole-stjoseph-pontchateau.fr\/wp-content\/uploads\/2025\/06\/5-Traitement-des-donnees-personnelles-annexe-au-contrat-de-scolarisation.pdf\">5- Traitement des donnees personnelles-annexe-au-contrat-de-scolarisation<\/a><\/p><p><a href=\"https:\/\/ecole-stjoseph-pontchateau.fr\/wp-content\/uploads\/2025\/06\/6-Depliant-catechese-Culture-chretienne-Eveil-a-la-foi.pdf\">6 &#8211; D\u00e9pliant cat\u00e9ch\u00e8se &#8211; Culture chr\u00e9tienne &#8211; Eveil \u00e0 la foi<\/a><\/p><p><a href=\"https:\/\/ecole-stjoseph-pontchateau.fr\/wp-content\/uploads\/2025\/06\/7-Mandat-de-prelevement.pdf\">7 &#8211; Mandat de pr\u00e9l\u00e8vement<\/a><\/p><p><a href=\"https:\/\/ecole-stjoseph-pontchateau.fr\/wp-content\/uploads\/2025\/06\/Processus-ecole-directe.pdf\">Processus \u00e9cole directe<\/a><\/p>\t\t\t\t\t\t<\/div>\n\t\t\t\t<\/div>\n\t\t\t\t\t<\/div>\n\t\t<\/div>\n\t\t\t\t\t\t\t<\/div>\n\t\t<\/section>\n\t\t\t\t\t\t\t<\/div>\n\t\t","protected":false},"excerpt":{"rendered":"<p>Vous trouverez ci-dessous quelques fichiers utiles \u00e0 t\u00e9l\u00e9charger : 1- Fiche d&rsquo;urgence &#8211; Attestation de vaccination &#8211; Pour les enfants n\u00e9s \u00e0 partir de 2019 2- Fiche d&rsquo;urgence &#8211; Attestation de vaccination &#8211; Pour les enfants n\u00e9s avant 2019 3- Contrat de scolarisation 4- R\u00e8glement financier 5- Traitement des donnees personnelles-annexe-au-contrat-de-scolarisation 6 &#8211; D\u00e9pliant cat\u00e9ch\u00e8se<\/p>\n<p><a href=\"https:\/\/ecole-stjoseph-pontchateau.fr\/?page_id=990\" class=\"more-link themebutton\">Lire la suite<\/a><\/p>\n","protected":false},"author":26,"featured_media":0,"parent":0,"menu_order":0,"comment_status":"closed","ping_status":"open","template":"","meta":{"ngg_post_thumbnail":0,"footnotes":""},"_links":{"self":[{"href":"https:\/\/ecole-stjoseph-pontchateau.fr\/index.php?rest_route=\/wp\/v2\/pages\/990"}],"collection":[{"href":"https:\/\/ecole-stjoseph-pontchateau.fr\/index.php?rest_route=\/wp\/v2\/pages"}],"about":[{"href":"https:\/\/ecole-stjoseph-pontchateau.fr\/index.php?rest_route=\/wp\/v2\/types\/page"}],"author":[{"embeddable":true,"href":"https:\/\/ecole-stjoseph-pontchateau.fr\/index.php?rest_route=\/wp\/v2\/users\/26"}],"replies":[{"embeddable":true,"href":"https:\/\/ecole-stjoseph-pontchateau.fr\/index.php?rest_route=%2Fwp%2Fv2%2Fcomments&post=990"}],"version-history":[{"count":53,"href":"https:\/\/ecole-stjoseph-pontchateau.fr\/index.php?rest_route=\/wp\/v2\/pages\/990\/revisions"}],"predecessor-version":[{"id":14262,"href":"https:\/\/ecole-stjoseph-pontchateau.fr\/index.php?rest_route=\/wp\/v2\/pages\/990\/revisions\/14262"}],"wp:attachment":[{"href":"https:\/\/ecole-stjoseph-pontchateau.fr\/index.php?rest_route=%2Fwp%2Fv2%2Fmedia&parent=990"}],"curies":[{"name":"wp","href":"https:\/\/api.w.org\/{rel}","templated":true}]}}